{"id":24732,"date":"2025-01-17T14:45:05","date_gmt":"2025-01-17T11:45:05","guid":{"rendered":"https:\/\/agrlotustour.com\/?page_id=24732"},"modified":"2025-12-08T00:23:02","modified_gmt":"2025-12-07T21:23:02","slug":"antalya-airport-transfer","status":"publish","type":"page","link":"https:\/\/agrlotustour.com\/de\/antalya-airport-transfer\/","title":{"rendered":"Flughafentransfer Antalya"},"content":{"rendered":"<div class=\"wpb-content-wrapper\"><div class=\"vc_row wpb_row vc_row-fluid\"><div class=\"wpb_column vc_column_container vc_col-sm-12\"><div class=\"vc_column-inner\"><div class=\"wpb_wrapper\">\n\t<div class=\"wpb_text_column wpb_content_element\" >\n\t\t<div class=\"wpb_wrapper\">\n\t\t\t<h1>Flughafentransfer Antalya<\/h1>\n<p>AGR Lotus Tour bietet schnelle, sichere und komfortable private Transferdienste vom Flughafen Antalya zu allen wichtigen Hotels und Urlaubsregionen. Mit lizenzierten Fahrern, einer exklusiven VIP-Fahrzeugflotte und einem 24\/7-Kundensupport sorgen wir daf\u00fcr, dass Ihre Reise reibungslos und stressfrei beginnt. Profitieren Sie von festen Preisen, professionellem Service und luxuri\u00f6sen Fahrzeugen, die perfekt auf Ihre Bed\u00fcrfnisse abgestimmt sind.<\/p>\n<h2>VIP Transfer vom Flughafen Antalya<\/h2>\n<p>Unser Antalya Flughafentransfer ist ideal f\u00fcr Familien, Paare und Gruppen, die eine zuverl\u00e4ssige und hochwertige Transportl\u00f6sung suchen. Wir bieten private Shuttles, VIP-Minivans und luxuri\u00f6se Mercedes-Fahrzeuge f\u00fcr Transfers zu allen Reisezielen in Antalya.<\/p>\n<ul>\n<li>VIP Mercedes Vito &amp; Sprinter Fahrzeuge<\/li>\n<li>Privater Chauffeurservice<\/li>\n<li>24\/7 Abholung und Transfer vom\/zum Flughafen<\/li>\n<li>Echtzeit-Flugverfolgung \u2013 keine Zusatzkosten bei Versp\u00e4tungen<\/li>\n<li>Baby- und Kindersitze auf Anfrage<\/li>\n<li>Festpreise \u2013 keine versteckten Geb\u00fchren<\/li>\n<li>Direkte T\u00fcr-zu-T\u00fcr Transfers zu allen Hotels<\/li>\n<\/ul>\n<h2>Beliebte Flughafentransfer-Ziele ab Antalya Flughafen<\/h2>\n<p>Wir bieten T\u00fcr-zu-T\u00fcr Transfers vom Flughafen Antalya (AYT) zu allen wichtigen Ferienorten und Hotels an, darunter:<\/p>\n<ul>\n<li>Belek (hotels &amp; resorts)<\/li>\n<li>Side &amp; Manavgat<\/li>\n<li>Kundu &amp; Lara Beach Gebiet<\/li>\n<li>Kundu &amp; Lara Beach Gebiet<\/li>\n<li>Alanya &amp; Avsallar<\/li>\n<li>Antalya Stadtzentrum &amp; Konyaalt\u0131<\/li>\n<li>Ka\u015f &amp; Kalkan<\/li>\n<\/ul>\n<h2>Warum AGR Lotus Tour w\u00e4hlen?<\/h2>\n<ul>\n<li>Lizenzierte, erfahrene und freundliche Fahrer<\/li>\n<li>Premium Mercedes Vito &amp; Sprinter VIP-Flotte<\/li>\n<li>24\/7 WhatsApp support<\/li>\n<li>Schnelle Buchung und sofortige Best\u00e4tigung<\/li>\n<li>Von tausenden Reisenden vertraut<\/li>\n<li>5-Sterne-Kundenzufriedenheit garantiert<\/li>\n<\/ul>\n<h2>So buchen Sie Ihren Antalya Flughafentransfer<\/h2>\n<p>Die Buchung Ihres Transfers ist schnell und einfach. W\u00e4hlen Sie einfach Ihren Abholort, Ihr Ziel und den gew\u00fcnschten Fahrzeugtyp aus, f\u00fcllen Sie das Reservierungsformular aus und erhalten Sie sofort eine Best\u00e4tigung. Unser Team verfolgt Ihren Flug in Echtzeit und begr\u00fc\u00dft Sie am Flughafen mit einem Namensschild.<\/p>\n<p><strong>Bereit zu buchen?<\/strong><br \/>\nReservieren Sie jetzt und genie\u00dfen Sie einen komfortablen, stressfreien Flughafentransfer.<\/p>\n<h2>H\u00e4ufig gestellte Fragen (FAQ)<\/h2>\n<h3>Wie viel kostet ein Antalya Flughafentransfer?<\/h3>\n<p>Die Preise h\u00e4ngen von Ihrem Reiseziel ab. Wir bieten feste und wettbewerbsf\u00e4hige Preise f\u00fcr alle Regionen wie Belek, Side, Kundu, Lara, Alanya und viele weitere Ziele.<\/p>\n<h3>Berechnen Sie zus\u00e4tzliche Geb\u00fchren bei Flugversp\u00e4tungen?<\/h3>\n<p>Nein. Wir verfolgen Ihren Flug in Echtzeit und passen die Abholzeit entsprechend an.<\/p>\n<h3>Sind Kindersitze verf\u00fcgbar?<\/h3>\n<p>Ja. Baby- und Kindersitze sind auf Anfrage kostenlos verf\u00fcgbar.<\/p>\n<h3>Welche Fahrzeugtypen bieten Sie an?<\/h3>\n<p>Wir bieten Mercedes Vito, Mercedes Sprinter und VIP-Minivans f\u00fcr Gruppen jeder Gr\u00f6\u00dfe an.<\/p>\n<h3>Wie kann ich Sie kontaktieren?<\/h3>\n<p>Sie k\u00f6nnen uns rund um die Uhr \u00fcber WhatsApp oder \u00fcber unser Online-Reservierungsformular kontaktieren.<\/p>\n\n\t\t<\/div>\n\t<\/div>\n<\/div><\/div><\/div><\/div><div class=\"vc_row wpb_row vc_row-fluid\"><div class=\"wpb_column vc_column_container vc_col-sm-12\"><div class=\"vc_column-inner\"><div class=\"wpb_wrapper\">\r\n            <div class=\"theme-component-button theme-component-button-style-1 aligncenter\">\r\n                <a href=\"https:\/\/agrlotustour.com\/de\/booking\/\" target=\"_self\">\r\n                    JETZT BUCHEN\r\n                <\/a>\r\n            <\/div>\r\n        <\/div><\/div><\/div><\/div><div class=\"vc_row wpb_row vc_row-fluid\"><div class=\"wpb_column vc_column_container vc_col-sm-4\"><div class=\"vc_column-inner\"><div class=\"wpb_wrapper\">\r\n            <div class=\"theme-component-button theme-component-button-style-1 alignleft\">\r\n                <a href=\"https:\/\/agrlotustour.com\/de\/antalya-to-belek-transfer\/\" target=\"_self\">\r\n                    Book Belek Transfer\r\n                <\/a>\r\n            <\/div>\r\n        <\/div><\/div><\/div><div class=\"wpb_column vc_column_container vc_col-sm-4\"><div class=\"vc_column-inner\"><div class=\"wpb_wrapper\">\r\n            <div class=\"theme-component-button theme-component-button-style-1 alignleft\">\r\n                <a href=\"https:\/\/agrlotustour.com\/de\/antalya-to-kemer-transfer\/\" target=\"_self\">\r\n                    Book Kemer Transfer\r\n                <\/a>\r\n            <\/div>\r\n        <\/div><\/div><\/div><div class=\"wpb_column vc_column_container vc_col-sm-4\"><div class=\"vc_column-inner\"><div class=\"wpb_wrapper\">\r\n            <div class=\"theme-component-button theme-component-button-style-1 alignleft\">\r\n                <a href=\"https:\/\/agrlotustour.com\/de\/antalya-to-side-transfer\/\" target=\"_self\">\r\n                    Book Side Transfer\r\n                <\/a>\r\n            <\/div>\r\n        <\/div><\/div><\/div><\/div>\n<\/div>","protected":false},"excerpt":{"rendered":"Antalya Airport Transfer Services AGR Lotus Tour offers fast, safe and comfortable private transfer services from Antalya Airport to all major hotels and holiday regions. With licensed drivers, a premium VIP fleet and 24\/7 customer support, we ensure that your journey starts smoothly and stress-free. Enjoy fixed prices, professional service and luxury vehicles tailored to [...]","protected":false},"author":1,"featured_media":0,"parent":0,"menu_order":0,"comment_status":"closed","ping_status":"closed","template":"","meta":{"footnotes":""},"class_list":["post-24732","page","type-page","status-publish","hentry"],"aioseo_notices":[],"_links":{"self":[{"href":"https:\/\/agrlotustour.com\/de\/wp-json\/wp\/v2\/pages\/24732","targetHints":{"allow":["GET"]}}],"collection":[{"href":"https:\/\/agrlotustour.com\/de\/wp-json\/wp\/v2\/pages"}],"about":[{"href":"https:\/\/agrlotustour.com\/de\/wp-json\/wp\/v2\/types\/page"}],"author":[{"embeddable":true,"href":"https:\/\/agrlotustour.com\/de\/wp-json\/wp\/v2\/users\/1"}],"replies":[{"embeddable":true,"href":"https:\/\/agrlotustour.com\/de\/wp-json\/wp\/v2\/comments?post=24732"}],"version-history":[{"count":7,"href":"https:\/\/agrlotustour.com\/de\/wp-json\/wp\/v2\/pages\/24732\/revisions"}],"predecessor-version":[{"id":26097,"href":"https:\/\/agrlotustour.com\/de\/wp-json\/wp\/v2\/pages\/24732\/revisions\/26097"}],"wp:attachment":[{"href":"https:\/\/agrlotustour.com\/de\/wp-json\/wp\/v2\/media?parent=24732"}],"curies":[{"name":"wp","href":"https:\/\/api.w.org\/{rel}","templated":true}]}}