{"id":24054,"date":"2024-09-15T21:41:28","date_gmt":"2024-09-15T18:41:28","guid":{"rendered":"https:\/\/agrlotustour.com\/?page_id=24054"},"modified":"2025-12-08T01:09:01","modified_gmt":"2025-12-07T22:09:01","slug":"saklikent-ski-center-tour","status":"publish","type":"page","link":"https:\/\/agrlotustour.com\/de\/saklikent-ski-center-tour\/","title":{"rendered":"Saklikent Ski Center Tour"},"content":{"rendered":"<div class=\"wpb-content-wrapper\"><div class=\"vc_row wpb_row vc_row-fluid\"><div class=\"wpb_column vc_column_container vc_col-sm-12\"><div class=\"vc_column-inner\"><div class=\"wpb_wrapper\"><h2 style=\"text-align: center;font-family:Forum;font-weight:400;font-style:normal\" class=\"vc_custom_heading vc_do_custom_heading\" >Saklikent Ski Center Tour<\/h2>\n\t<div class=\"wpb_text_column wpb_content_element\" >\n\t\t<div class=\"wpb_wrapper\">\n\t\t\t<h4>Early in the morning on the day of the tour, we pick up our valued guests from predetermined times and points and set off towards Saklikent to enjoy snow and skiing to the fullest. After our departure from Antalya, we will offer tea and bagels in the vehicle. After about 50 minutes, we reach Saklikent Ski Center. Sakl\u0131kent ski center is a ski complex consisting of 500 chalets and ski facilities built on the northern slope of Bak\u0131rl\u0131da\u011f\u0131, located at the summit of the Taurus Mountains. Since Saklikent ski center is located on the forest border, it has ski slopes that provide enjoyable skiing opportunities for everyone from beginners to professionals in skiing and snowboarding. In Saklikent ski resort, 1 chairlift with a length of 1400 meters, 2 ski lifts, 1 baby lift and snowtubing lift are at the service of ski lovers. In the free time we will give here, our guests can rent a sled if they wish. They can go to the summit with the chairlift, ski and enjoy the snow to the fullest. After a beautiful day, we are on our way back and in the evening we leave you, our valued guests, to your pick-up points and say goodbye to see you on other tours.<\/h4>\n<h4>Antalya Stops and Departure Times<br \/>\nOzdilek = 07:00<br \/>\nKepez Municipality = 06:50<br \/>\nAkdeniz University Opposite Courthouse = 06:40<br \/>\n5M Migros = 06:35<br \/>\nProvincial Health = 06:30<br \/>\n100. Y\u0131l Samanyolu Patisserie = 06:25<br \/>\nMark Antalya = 06:20<br \/>\nMevlana BP = 06:15<br \/>\nMeydan PTT = 06:10<br \/>\nPinarli Aksu = 06:00<br \/>\nIf there is no suitable place for you from these stops, you can contact us.<br \/>\nServices Included in the Price<br \/>\nRound Trip Transportation<br \/>\nGuidance Service<br \/>\nTravel Insurance<br \/>\nMorning Bagel Tea<br \/>\nServices Not Included<br \/>\nPersonal Expenditures<br \/>\nChairlift Fee<br \/>\nSki Sledge Rental<br \/>\nLunch<\/h4>\n\n\t\t<\/div>\n\t<\/div>\n<\/div><\/div><\/div><div class=\"wpb_column vc_column_container vc_col-sm-12\"><div class=\"vc_column-inner\"><div class=\"wpb_wrapper\"><\/div><\/div><\/div><\/div>\n<\/div>","protected":false},"excerpt":{"rendered":"Saklikent Ski Center Tour Early in the morning on the day of the tour, we pick up our valued guests from predetermined times and points and set off towards Saklikent to enjoy snow and skiing to the fullest. After our departure from Antalya, we will offer tea and bagels in the vehicle. After about 50 [...]","protected":false},"author":1,"featured_media":0,"parent":0,"menu_order":0,"comment_status":"closed","ping_status":"closed","template":"","meta":{"footnotes":""},"class_list":["post-24054","page","type-page","status-publish","hentry"],"aioseo_notices":[],"_links":{"self":[{"href":"https:\/\/agrlotustour.com\/de\/wp-json\/wp\/v2\/pages\/24054","targetHints":{"allow":["GET"]}}],"collection":[{"href":"https:\/\/agrlotustour.com\/de\/wp-json\/wp\/v2\/pages"}],"about":[{"href":"https:\/\/agrlotustour.com\/de\/wp-json\/wp\/v2\/types\/page"}],"author":[{"embeddable":true,"href":"https:\/\/agrlotustour.com\/de\/wp-json\/wp\/v2\/users\/1"}],"replies":[{"embeddable":true,"href":"https:\/\/agrlotustour.com\/de\/wp-json\/wp\/v2\/comments?post=24054"}],"version-history":[{"count":1,"href":"https:\/\/agrlotustour.com\/de\/wp-json\/wp\/v2\/pages\/24054\/revisions"}],"predecessor-version":[{"id":26546,"href":"https:\/\/agrlotustour.com\/de\/wp-json\/wp\/v2\/pages\/24054\/revisions\/26546"}],"wp:attachment":[{"href":"https:\/\/agrlotustour.com\/de\/wp-json\/wp\/v2\/media?parent=24054"}],"curies":[{"name":"wp","href":"https:\/\/api.w.org\/{rel}","templated":true}]}}