{"id":24040,"date":"2024-09-15T21:38:46","date_gmt":"2024-09-15T18:38:46","guid":{"rendered":"https:\/\/agrlotustour.com\/?page_id=24040"},"modified":"2025-12-08T01:06:27","modified_gmt":"2025-12-07T22:06:27","slug":"private-city-tour-antalya","status":"publish","type":"page","link":"https:\/\/agrlotustour.com\/de\/private-city-tour-antalya\/","title":{"rendered":"Private City Tour-Antalya"},"content":{"rendered":"<div class=\"wpb-content-wrapper\"><div class=\"vc_row wpb_row vc_row-fluid\"><div class=\"wpb_column vc_column_container vc_col-sm-12\"><div class=\"vc_column-inner\"><div class=\"wpb_wrapper\"><h2 style=\"text-align: center;font-family:Fanwood Text;font-weight:400;font-style:normal\" class=\"vc_custom_heading vc_do_custom_heading\" >Private Antalya City Tour<\/h2>\n\t<div class=\"wpb_text_column wpb_content_element\" >\n\t\t<div class=\"wpb_wrapper\">\n\t\t\t<h4>This tour, which is the most preferred and enjoyable tour for those who want to get to know Antalya more closely, is a private tour only for your family and group, so you can change your pick-up time from your hotel in advance as you wish. All the activities we do and all the historical places visited have been tried by us beforehand. It is a perfect introduction to the city full of activities. Experience spectacular views of the Mediterranean Sea and the city of Antalya with a scenic cable car ride and Boat Tour.<\/h4>\n<h4><\/h4>\n<h4>Duration: 8 hours<\/h4>\n<h4>Tour Date : Every day<\/h4>\n<h4>Start Time Any time<\/h4>\n<h4>Payment Method : Cash or Credit Card<\/h4>\n<h4>Maximum Participants 13 people<\/h4>\n<h4>Attractions &amp; Activities :<br \/>\n&#8211; Lower Duden Waterfall &#8211; Ottoman Style Houses &#8211; Kaleici (Old Town)<br \/>\n&#8211; Handrian Gate &#8211; Republic Square &#8211; &#8221; Rifled&#8221; Minaret Mosque &#8211; &#8221; Cut&#8221; Minaret Mosque<br \/>\n&#8211; Clock Tower &#8211; H\u0131d\u0131rl\u0131k Tower &#8211; Atat\u00fcrk House &#8211; D\u00f6nerciler Bazaar<br \/>\n&#8211; Antalya Panoramic Elevator<\/h4>\n<h4>&#8211; T\u00fcnektepe Cable Car &#8211; Boat Trip<\/h4>\n<h4>Includes: &#8211; Hotel pick-up and drop-off &#8211; Entrance fee &#8211; Travel insurance<\/h4>\n<h4>Excludes: &#8211; Drinks &#8211; Lunch &#8211; Personal expenses during the tour &#8211; Guide Service (guide service is additional 100 \u20ac)<\/h4>\n<h4><\/h4>\n<h4>DESCRIPTION<br \/>\n&#8211; Professional Tour Guide available in English, German, Russian, French and Arabic<br \/>\n&#8211; We provide a Professional Tour Guide for an additional fee. It costs 100\u20ac per day<br \/>\n&#8211; If you prefer not to be guided, we will provide you with a map of all the places you visit in your own language and show you how to visit them on the map. The driver is not authorized to give you any information about Antalya. He is only authorized to drive the vehicle and does not accompany you during your tour.<br \/>\n&#8211; If necessary, we can provide all types of walkers, scooters, electric or manual wheelchairs to support you on your visit.<br \/>\n&#8211; T\u00fcnektepe Cable Car is closed on Mondays.<br \/>\n&#8211; Free cancellation up to 24 hours in advance<br \/>\n&#8211; This tour lasts 8 hours in total. If you decide to visit more than 8 hours, you will be charged an extra \u20ac10 for each additional hour.<br \/>\n&#8211; Lunch is not included in the price. If you want to have lunch, it is 10\u20ac per person (Meat or Chicken Menu)<\/h4>\n<h4>&#8211; The transfer fee varies according to the distance of your hotel from Antalya city center.<\/h4>\n\n\t\t<\/div>\n\t<\/div>\n<\/div><\/div><\/div><\/div>\n<\/div>","protected":false},"excerpt":{"rendered":"Private Antalya City Tour This tour, which is the most preferred and enjoyable tour for those who want to get to know Antalya more closely, is a private tour only for your family and group, so you can change your pick-up time from your hotel in advance as you wish. All the activities we do [...]","protected":false},"author":1,"featured_media":0,"parent":0,"menu_order":0,"comment_status":"closed","ping_status":"closed","template":"","meta":{"footnotes":""},"class_list":["post-24040","page","type-page","status-publish","hentry"],"aioseo_notices":[],"_links":{"self":[{"href":"https:\/\/agrlotustour.com\/de\/wp-json\/wp\/v2\/pages\/24040","targetHints":{"allow":["GET"]}}],"collection":[{"href":"https:\/\/agrlotustour.com\/de\/wp-json\/wp\/v2\/pages"}],"about":[{"href":"https:\/\/agrlotustour.com\/de\/wp-json\/wp\/v2\/types\/page"}],"author":[{"embeddable":true,"href":"https:\/\/agrlotustour.com\/de\/wp-json\/wp\/v2\/users\/1"}],"replies":[{"embeddable":true,"href":"https:\/\/agrlotustour.com\/de\/wp-json\/wp\/v2\/comments?post=24040"}],"version-history":[{"count":1,"href":"https:\/\/agrlotustour.com\/de\/wp-json\/wp\/v2\/pages\/24040\/revisions"}],"predecessor-version":[{"id":26544,"href":"https:\/\/agrlotustour.com\/de\/wp-json\/wp\/v2\/pages\/24040\/revisions\/26544"}],"wp:attachment":[{"href":"https:\/\/agrlotustour.com\/de\/wp-json\/wp\/v2\/media?parent=24040"}],"curies":[{"name":"wp","href":"https:\/\/api.w.org\/{rel}","templated":true}]}}