{"id":24030,"date":"2024-09-15T21:37:00","date_gmt":"2024-09-15T18:37:00","guid":{"rendered":"https:\/\/agrlotustour.com\/?page_id=24030"},"modified":"2025-12-08T01:03:39","modified_gmt":"2025-12-07T22:03:39","slug":"full-rafting-2-raftingcabria-safari-adam-rocks-fishing","status":"publish","type":"page","link":"https:\/\/agrlotustour.com\/de\/full-rafting-2-raftingcabria-safari-adam-rocks-fishing\/","title":{"rendered":"Full Rafting 2 (Rafting+Cabria Safari Adam Rocks+ FISHING)"},"content":{"rendered":"<div class=\"wpb-content-wrapper\"><div class=\"vc_row wpb_row vc_row-fluid\"><div class=\"wpb_column vc_column_container vc_col-sm-12\"><div class=\"vc_column-inner\"><div class=\"wpb_wrapper\"><h2 style=\"text-align: center;font-family:ABeeZee;font-weight:400;font-style:normal\" class=\"vc_custom_heading vc_do_custom_heading\" >Rafting 2 in the Koprulu Canyon<\/h2>\n\t<div class=\"wpb_text_column wpb_content_element\" >\n\t\t<div class=\"wpb_wrapper\">\n\t\t\t<h4>Details:<br \/>\nEnjoy the day with Rafting and Canyon adventure and have an adrenaline-filled experience in K\u00f6pr\u00fcl\u00fc Gorge.<br \/>\nExperience the forces of nature in the K\u00f6pr\u00fcl\u00fc Canyon River! A journey to white water where you will have fun. You will receive the appropriate equipment and the necessary information. Then you proceed to the prepared starting point where you choose your rubber boat. Each rubber boat is accompanied by an experienced guide during the 15 km white water rafting. A rustic lunch is nicely organised with soft drinks. On the way back we stop for a cup of coffee \/ tea, where you can also take your rafting photos.<br \/>\nProgramme: Every day of the week, Departure: 09:00 Return: 18:30<br \/>\nPhotos of our services included in this tour:<br \/>\n1-A Rafting full of excitement<br \/>\n2-Adam Rocks convertible safari<br \/>\n3-Fishing YOU CAN ENJOY FISHING WITH YOUR CHILDREN.<br \/>\nIncluded Services: Pick up and return transfer from the hotel, an exciting Rafting, Adam Rocks Convertible safari and Lunch menu after Fishing, Free guiding, Insurance.<br \/>\nNote: If you want to do buggy safari (20 euro) is optional.<\/h4>\n\n\t\t<\/div>\n\t<\/div>\n<\/div><\/div><\/div><\/div>\n<\/div>","protected":false},"excerpt":{"rendered":"Rafting 2 in the Koprulu Canyon Details: Enjoy the day with Rafting and Canyon adventure and have an adrenaline-filled experience in K\u00f6pr\u00fcl\u00fc Gorge. Experience the forces of nature in the K\u00f6pr\u00fcl\u00fc Canyon River! A journey to white water where you will have fun. You will receive the appropriate equipment and the necessary information. Then you [...]","protected":false},"author":1,"featured_media":0,"parent":0,"menu_order":0,"comment_status":"closed","ping_status":"closed","template":"","meta":{"footnotes":""},"class_list":["post-24030","page","type-page","status-publish","hentry"],"aioseo_notices":[],"_links":{"self":[{"href":"https:\/\/agrlotustour.com\/de\/wp-json\/wp\/v2\/pages\/24030","targetHints":{"allow":["GET"]}}],"collection":[{"href":"https:\/\/agrlotustour.com\/de\/wp-json\/wp\/v2\/pages"}],"about":[{"href":"https:\/\/agrlotustour.com\/de\/wp-json\/wp\/v2\/types\/page"}],"author":[{"embeddable":true,"href":"https:\/\/agrlotustour.com\/de\/wp-json\/wp\/v2\/users\/1"}],"replies":[{"embeddable":true,"href":"https:\/\/agrlotustour.com\/de\/wp-json\/wp\/v2\/comments?post=24030"}],"version-history":[{"count":1,"href":"https:\/\/agrlotustour.com\/de\/wp-json\/wp\/v2\/pages\/24030\/revisions"}],"predecessor-version":[{"id":26540,"href":"https:\/\/agrlotustour.com\/de\/wp-json\/wp\/v2\/pages\/24030\/revisions\/26540"}],"wp:attachment":[{"href":"https:\/\/agrlotustour.com\/de\/wp-json\/wp\/v2\/media?parent=24030"}],"curies":[{"name":"wp","href":"https:\/\/api.w.org\/{rel}","templated":true}]}}