{"id":24024,"date":"2024-09-15T21:36:13","date_gmt":"2024-09-15T18:36:13","guid":{"rendered":"https:\/\/agrlotustour.com\/?page_id=24024"},"modified":"2025-12-08T01:11:16","modified_gmt":"2025-12-07T22:11:16","slug":"beskonak-rafting-tour","status":"publish","type":"page","link":"https:\/\/agrlotustour.com\/de\/beskonak-rafting-tour\/","title":{"rendered":"Beskonak Rafting Tour in Antalya"},"content":{"rendered":"<div class=\"wpb-content-wrapper\"><div class=\"vc_row wpb_row vc_row-fluid\"><div class=\"wpb_column vc_column_container vc_col-sm-12\"><div class=\"vc_column-inner\"><div class=\"wpb_wrapper\">\n\t<div class=\"wpb_text_column wpb_content_element\" >\n\t\t<div class=\"wpb_wrapper\">\n\t\t\t<h4>Beskonak Rafting Tour in Antalya<\/h4>\n<h4>Details:<br \/>\nEnjoy the day with Rafting and Canyon adventure and have an adrenaline-filled experience in K\u00f6pr\u00fcl\u00fc Gorge.<br \/>\nExperience the forces of nature in the K\u00f6pr\u00fcl\u00fc Canyon River! A journey to white water where you will have fun. You will receive the appropriate equipment and the necessary information. Then you proceed to the prepared starting point where you choose your rubber boat. Each rubber boat is accompanied by an experienced guide during the 15 km white water rafting. A rustic lunch is nicely organised with soft drinks. On the way back we stop for a cup of coffee \/ tea, where you can also take your rafting photos.<br \/>\nProgramme: Every day of the week, Departure: 09:00 Return: 18:30<br \/>\nServices Included: Hotel pick-up and return transfer, Lunch menu, Free guiding, Insurance.<\/h4>\n<div class=\"f Q2 _Y\"><\/div>\n<div class=\"glBfE Q2 _Y\">\n<div>\n<div class=\"biGQs _P pZUbB egaXP KxBGd\">\n<div class=\"_T FKffI\">\n<div><\/div>\n<\/div>\n<\/div>\n<\/div>\n<\/div>\n<div><\/div>\n<div>\n<p style=\"text-align: left;\"><strong><span style=\"color: #000000; font-family: Arial;\"><span style=\"font-size: 13.3333px; background-color: #f0f0f0;\">What Included<\/span><\/span><\/strong><\/p>\n<div id=\":lithium-r1pe:\" class=\"NTEaH Mk UCUTD\" aria-labelledby=\":lithium-r1pd:\">\n<div class=\"biGQs _P pZUbB KxBGd\">\n<div>\n<div class=\"tyUdl\">\n<ul class=\"IMSns\">\n<li class=\"seKux _d _c\"><strong><span class=\"biGQs _P pZUbB KxBGd\">Lunch<\/span><\/strong><\/li>\n<li class=\"seKux _d _c\"><strong><span class=\"biGQs _P pZUbB KxBGd\">Professional guide\/instructor<\/span><\/strong><\/li>\n<li class=\"seKux _d _c\"><strong><span class=\"biGQs _P pZUbB KxBGd\">Hotel pickup and drop-off<\/span><\/strong><\/li>\n<li class=\"seKux _d _c\"><strong><span class=\"biGQs _P pZUbB KxBGd\">Use of helmet and life jacket<\/span><\/strong><\/li>\n<li class=\"seKux _d _c\"><strong><span class=\"biGQs _P pZUbB KxBGd\">Entry\/Admission &#8211; Koprulu Kanyon Milli Parki<\/span><\/strong><\/li>\n<\/ul>\n<p>&nbsp;<\/p>\n<\/div>\n<div class=\"biGQs _P fiohW ncFvv fOtGX\"><strong>What&#8217;s not included<\/strong><\/div>\n<ul class=\"IMSns\">\n<li class=\"seKux _d _c\"><strong><span class=\"biGQs _P pZUbB KxBGd\">Drinks<\/span><\/strong><\/li>\n<li class=\"seKux _d _c\"><strong><span class=\"biGQs _P pZUbB KxBGd\">Photos and DVD (available to purchase)<\/span><\/strong><\/li>\n<li class=\"seKux _d _c\"><strong><span class=\"biGQs _P pZUbB KxBGd\">Sport shoes<\/span><\/strong><\/li>\n<li class=\"seKux _d _c\"><strong><span class=\"biGQs _P pZUbB KxBGd\">Canyoning (optional)<\/span><\/strong><\/li>\n<\/ul>\n<\/div>\n<\/div>\n<\/div>\n<\/div>\n\n\t\t<\/div>\n\t<\/div>\n<\/div><\/div><\/div><\/div><div class=\"vc_row wpb_row vc_row-fluid\"><div class=\"wpb_column vc_column_container vc_col-sm-12\"><div class=\"vc_column-inner\"><div class=\"wpb_wrapper\">\n\t<div class=\"wpb_video_widget wpb_content_element vc_clearfix   vc_video-aspect-ratio-169 vc_video-el-width-100 vc_video-align-left\" >\n\t\t<div class=\"wpb_wrapper\">\n\t\t\t<h2 class=\"wpb_heading wpb_video_heading\">Beskonak Rafting Tour<\/h2>\n\t\t\t<div class=\"wpb_video_wrapper\"><iframe title=\"Rafting, Antalya Manavgat K\u00f6pr\u00fc\u00e7ay, K\u00f6pr\u00fcl\u00fc Kanyon\" width=\"500\" height=\"281\" src=\"https:\/\/www.youtube.com\/embed\/vp1sNCzw6pg?feature=oembed\" frameborder=\"0\" allow=\"accelerometer; autoplay; clipboard-write; encrypted-media; gyroscope; picture-in-picture; web-share\" referrerpolicy=\"strict-origin-when-cross-origin\" allowfullscreen><\/iframe><\/div>\n\t\t<\/div>\n\t<\/div>\n<\/div><\/div><\/div><\/div>\n<\/div>","protected":false},"excerpt":{"rendered":"Beskonak Rafting Tour in Antalya Details: Enjoy the day with Rafting and Canyon adventure and have an adrenaline-filled experience in K\u00f6pr\u00fcl\u00fc Gorge. Experience the forces of nature in the K\u00f6pr\u00fcl\u00fc Canyon River! A journey to white water where you will have fun. You will receive the appropriate equipment and the necessary information. Then you proceed [...]","protected":false},"author":1,"featured_media":0,"parent":0,"menu_order":0,"comment_status":"closed","ping_status":"closed","template":"","meta":{"footnotes":""},"class_list":["post-24024","page","type-page","status-publish","hentry"],"aioseo_notices":[],"_links":{"self":[{"href":"https:\/\/agrlotustour.com\/de\/wp-json\/wp\/v2\/pages\/24024","targetHints":{"allow":["GET"]}}],"collection":[{"href":"https:\/\/agrlotustour.com\/de\/wp-json\/wp\/v2\/pages"}],"about":[{"href":"https:\/\/agrlotustour.com\/de\/wp-json\/wp\/v2\/types\/page"}],"author":[{"embeddable":true,"href":"https:\/\/agrlotustour.com\/de\/wp-json\/wp\/v2\/users\/1"}],"replies":[{"embeddable":true,"href":"https:\/\/agrlotustour.com\/de\/wp-json\/wp\/v2\/comments?post=24024"}],"version-history":[{"count":1,"href":"https:\/\/agrlotustour.com\/de\/wp-json\/wp\/v2\/pages\/24024\/revisions"}],"predecessor-version":[{"id":26535,"href":"https:\/\/agrlotustour.com\/de\/wp-json\/wp\/v2\/pages\/24024\/revisions\/26535"}],"wp:attachment":[{"href":"https:\/\/agrlotustour.com\/de\/wp-json\/wp\/v2\/media?parent=24024"}],"curies":[{"name":"wp","href":"https:\/\/api.w.org\/{rel}","templated":true}]}}