{"id":24022,"date":"2024-09-15T21:35:37","date_gmt":"2024-09-15T18:35:37","guid":{"rendered":"https:\/\/agrlotustour.com\/?page_id=24022"},"modified":"2025-12-08T01:09:38","modified_gmt":"2025-12-07T22:09:38","slug":"antalya-dalis-turu","status":"publish","type":"page","link":"https:\/\/agrlotustour.com\/de\/antalya-dalis-turu\/","title":{"rendered":"Scuba Diving Tour in Antalya with Lunch and Transfer"},"content":{"rendered":"<h2>Scuba Diving Tour in Antalya<\/h2>\n<h4>Daily Tour Programme<br \/>\nAll our guests are invited to the daily diving tour that we organise every day during the season. Whether you have experience or not, whether you know how to swim or not, lack of equipment, etc. nothing prevents you from diving. We take care of everything. You just come as if you are going to the sea and we follow our programme below:<br \/>\nGathering &#8211; 08:15 from Bogazkent and we meet our guests at the yacht harbour.<br \/>\nTour Start &#8211; Around 11:00 our boat leaves the harbour and we go to the bay where we will perform the dives.<br \/>\nFirst Dive &#8211; Between 11:30 &#8211; 12:00 we perform the first dives in groups in the S\u0131\u00e7an Island and \u00c7alt\u0131cak area.<br \/>\nLunch &#8211; We serve lunch on the boat between 12:00 &#8211; 13:00.<br \/>\nSecond Dive &#8211; We perform the second dives between 13:00 &#8211; 14:30.<br \/>\nReturn to the harbour &#8211; We return to the harbour around 15:30 &#8211; 16:00 and say goodbye.<br \/>\nBeginner Divers<br \/>\nMost of our guests participating in our diving tours are novice divers, that is, those who will dive for the first time. Beginner divers are accompanied by an instructor.<br \/>\nExperienced (Diver) Divers<br \/>\nDives with experienced divers are also accompanied by an instructor. Cave dives or underwater wreck dives are made according to the experience level of our guests.<br \/>\nDiving Certificate Programme<br \/>\nOur guests who want to make diving a professional occupation can get their PADI or CMAS certificates if they participate in our trainings and complete the necessary dives.<\/h4>","protected":false},"excerpt":{"rendered":"<p>Scuba Diving Tour in Antalya Daily Tour Programme All our guests are invited to the daily diving tour that we organise every day during the season. Whether you have experience or not, whether you know how to swim or not, lack of equipment, etc. nothing prevents you from diving. We take care of everything. You [&#8230;]<\/p>\n","protected":false},"author":1,"featured_media":0,"parent":0,"menu_order":0,"comment_status":"closed","ping_status":"closed","template":"","meta":{"footnotes":""},"class_list":["post-24022","page","type-page","status-publish","hentry"],"aioseo_notices":[],"_links":{"self":[{"href":"https:\/\/agrlotustour.com\/de\/wp-json\/wp\/v2\/pages\/24022","targetHints":{"allow":["GET"]}}],"collection":[{"href":"https:\/\/agrlotustour.com\/de\/wp-json\/wp\/v2\/pages"}],"about":[{"href":"https:\/\/agrlotustour.com\/de\/wp-json\/wp\/v2\/types\/page"}],"author":[{"embeddable":true,"href":"https:\/\/agrlotustour.com\/de\/wp-json\/wp\/v2\/users\/1"}],"replies":[{"embeddable":true,"href":"https:\/\/agrlotustour.com\/de\/wp-json\/wp\/v2\/comments?post=24022"}],"version-history":[{"count":1,"href":"https:\/\/agrlotustour.com\/de\/wp-json\/wp\/v2\/pages\/24022\/revisions"}],"predecessor-version":[{"id":26547,"href":"https:\/\/agrlotustour.com\/de\/wp-json\/wp\/v2\/pages\/24022\/revisions\/26547"}],"wp:attachment":[{"href":"https:\/\/agrlotustour.com\/de\/wp-json\/wp\/v2\/media?parent=24022"}],"curies":[{"name":"wp","href":"https:\/\/api.w.org\/{rel}","templated":true}]}}